{"id":258,"date":"2025-03-23T19:10:33","date_gmt":"2025-03-23T19:10:33","guid":{"rendered":"https:\/\/vaphoto.it\/home\/?page_id=258"},"modified":"2025-11-02T16:29:00","modified_gmt":"2025-11-02T16:29:00","slug":"ritratti-fotografici","status":"publish","type":"page","link":"https:\/\/vaphoto.it\/home\/ritratti-fotografici\/","title":{"rendered":"Portraits"},"content":{"rendered":"\t\t<div data-elementor-type=\"wp-page\" data-elementor-id=\"258\" class=\"elementor elementor-258\">\n\t\t\t\t\t\t<section class=\"elementor-section elementor-top-section elementor-element elementor-element-6eebb2a2 elementor-section-boxed elementor-section-height-default elementor-section-height-default\" data-id=\"6eebb2a2\" data-element_type=\"section\" data-e-type=\"section\" data-settings=\"{&quot;background_background&quot;:&quot;classic&quot;}\">\n\t\t\t\t\t\t<div class=\"elementor-container elementor-column-gap-no\">\n\t\t\t\t\t<div class=\"elementor-column elementor-col-100 elementor-top-column elementor-element elementor-element-64fafc59\" data-id=\"64fafc59\" data-element_type=\"column\" data-e-type=\"column\">\n\t\t\t<div class=\"elementor-widget-wrap elementor-element-populated\">\n\t\t\t\t\t\t<div class=\"elementor-element elementor-element-4fa9d36c gallery-spacing-custom elementor-widget__width-inherit elementor-widget elementor-widget-image-gallery\" data-id=\"4fa9d36c\" data-element_type=\"widget\" data-e-type=\"widget\" data-widget_type=\"image-gallery.default\">\n\t\t\t\t<div class=\"elementor-widget-container\">\n\t\t\t\t\t\t\t<div class=\"elementor-image-gallery\">\n\t\t\t<div id='gallery-1' class='gallery galleryid-258 gallery-columns-3 gallery-size-2048x2048'><figure class='gallery-item'>\n\t\t\t<div class='gallery-icon portrait'>\n\t\t\t\t<a data-elementor-open-lightbox=\"yes\" data-elementor-lightbox-slideshow=\"4fa9d36c\" data-elementor-lightbox-title=\"_NZ73736 copia\" data-e-action-hash=\"#elementor-action%3Aaction%3Dlightbox%26settings%3DeyJpZCI6MjYxLCJ1cmwiOiJodHRwczpcL1wvdmFwaG90by5pdFwvd3AtY29udGVudFwvdXBsb2Fkc1wvMjAyNVwvMDNcL05aNzM3MzYtY29waWEuYXZpZiIsInNsaWRlc2hvdyI6IjRmYTlkMzZjIn0%3D\" href='https:\/\/vaphoto.it\/wp-content\/uploads\/2025\/03\/NZ73736-copia.avif'><img fetchpriority=\"high\" decoding=\"async\" width=\"1024\" height=\"1280\" src=\"https:\/\/vaphoto.it\/wp-content\/uploads\/2025\/03\/NZ73736-copia.avif\" class=\"attachment-2048x2048 size-2048x2048\" alt=\"\" srcset=\"https:\/\/vaphoto.it\/wp-content\/uploads\/2025\/03\/NZ73736-copia.avif 1024w, https:\/\/vaphoto.it\/wp-content\/uploads\/2025\/03\/NZ73736-copia-240x300.avif 240w, https:\/\/vaphoto.it\/wp-content\/uploads\/2025\/03\/NZ73736-copia-819x1024.avif 819w, https:\/\/vaphoto.it\/wp-content\/uploads\/2025\/03\/NZ73736-copia-768x960.avif 768w\" sizes=\"(max-width: 1024px) 100vw, 1024px\" \/><\/a>\n\t\t\t<\/div><\/figure><figure class='gallery-item'>\n\t\t\t<div class='gallery-icon portrait'>\n\t\t\t\t<a data-elementor-open-lightbox=\"yes\" data-elementor-lightbox-slideshow=\"4fa9d36c\" data-elementor-lightbox-title=\"_NZ72452-Migliorato-NR copia\" data-e-action-hash=\"#elementor-action%3Aaction%3Dlightbox%26settings%3DeyJpZCI6MjYwLCJ1cmwiOiJodHRwczpcL1wvdmFwaG90by5pdFwvd3AtY29udGVudFwvdXBsb2Fkc1wvMjAyNVwvMDNcL05aNzI0NTItTWlnbGlvcmF0by1OUi1jb3BpYS5hdmlmIiwic2xpZGVzaG93IjoiNGZhOWQzNmMifQ%3D%3D\" href='https:\/\/vaphoto.it\/wp-content\/uploads\/2025\/03\/NZ72452-Migliorato-NR-copia.avif'><img decoding=\"async\" width=\"1536\" height=\"1920\" src=\"https:\/\/vaphoto.it\/wp-content\/uploads\/2025\/03\/NZ72452-Migliorato-NR-copia.avif\" class=\"attachment-2048x2048 size-2048x2048\" alt=\"\" srcset=\"https:\/\/vaphoto.it\/wp-content\/uploads\/2025\/03\/NZ72452-Migliorato-NR-copia.avif 1536w, https:\/\/vaphoto.it\/wp-content\/uploads\/2025\/03\/NZ72452-Migliorato-NR-copia-240x300.avif 240w, https:\/\/vaphoto.it\/wp-content\/uploads\/2025\/03\/NZ72452-Migliorato-NR-copia-819x1024.avif 819w, https:\/\/vaphoto.it\/wp-content\/uploads\/2025\/03\/NZ72452-Migliorato-NR-copia-768x960.avif 768w, https:\/\/vaphoto.it\/wp-content\/uploads\/2025\/03\/NZ72452-Migliorato-NR-copia-1229x1536.avif 1229w\" sizes=\"(max-width: 1536px) 100vw, 1536px\" \/><\/a>\n\t\t\t<\/div><\/figure><figure class='gallery-item'>\n\t\t\t<div class='gallery-icon portrait'>\n\t\t\t\t<a data-elementor-open-lightbox=\"yes\" data-elementor-lightbox-slideshow=\"4fa9d36c\" data-elementor-lightbox-title=\"emiliano_web copia\" data-e-action-hash=\"#elementor-action%3Aaction%3Dlightbox%26settings%3DeyJpZCI6MjYyLCJ1cmwiOiJodHRwczpcL1wvdmFwaG90by5pdFwvd3AtY29udGVudFwvdXBsb2Fkc1wvMjAyNVwvMDNcL2VtaWxpYW5vX3dlYi1jb3BpYS5hdmlmIiwic2xpZGVzaG93IjoiNGZhOWQzNmMifQ%3D%3D\" href='https:\/\/vaphoto.it\/wp-content\/uploads\/2025\/03\/emiliano_web-copia.avif'><img decoding=\"async\" width=\"1280\" height=\"1600\" src=\"https:\/\/vaphoto.it\/wp-content\/uploads\/2025\/03\/emiliano_web-copia.avif\" class=\"attachment-2048x2048 size-2048x2048\" alt=\"\" srcset=\"https:\/\/vaphoto.it\/wp-content\/uploads\/2025\/03\/emiliano_web-copia.avif 1280w, https:\/\/vaphoto.it\/wp-content\/uploads\/2025\/03\/emiliano_web-copia-240x300.avif 240w, https:\/\/vaphoto.it\/wp-content\/uploads\/2025\/03\/emiliano_web-copia-819x1024.avif 819w, https:\/\/vaphoto.it\/wp-content\/uploads\/2025\/03\/emiliano_web-copia-768x960.avif 768w, https:\/\/vaphoto.it\/wp-content\/uploads\/2025\/03\/emiliano_web-copia-1229x1536.avif 1229w\" sizes=\"(max-width: 1280px) 100vw, 1280px\" \/><\/a>\n\t\t\t<\/div><\/figure><figure class='gallery-item'>\n\t\t\t<div class='gallery-icon portrait'>\n\t\t\t\t<a data-elementor-open-lightbox=\"yes\" data-elementor-lightbox-slideshow=\"4fa9d36c\" data-elementor-lightbox-title=\"VenturAndreaPhoto\" data-e-action-hash=\"#elementor-action%3Aaction%3Dlightbox%26settings%3DeyJpZCI6MjY1LCJ1cmwiOiJodHRwczpcL1wvdmFwaG90by5pdFwvd3AtY29udGVudFwvdXBsb2Fkc1wvMjAyNVwvMDNcL2ZvdG8tZmFtaWdsaWEtZWRpdGF0YS1jb3BpYS0xLmF2aWYiLCJzbGlkZXNob3ciOiI0ZmE5ZDM2YyJ9\" href='https:\/\/vaphoto.it\/wp-content\/uploads\/2025\/03\/foto-famiglia-editata-copia-1.avif'><img loading=\"lazy\" decoding=\"async\" width=\"1280\" height=\"1600\" src=\"https:\/\/vaphoto.it\/wp-content\/uploads\/2025\/03\/foto-famiglia-editata-copia-1.avif\" class=\"attachment-2048x2048 size-2048x2048\" alt=\"\" aria-describedby=\"gallery-1-265\" srcset=\"https:\/\/vaphoto.it\/wp-content\/uploads\/2025\/03\/foto-famiglia-editata-copia-1.avif 1280w, https:\/\/vaphoto.it\/wp-content\/uploads\/2025\/03\/foto-famiglia-editata-copia-1-240x300.avif 240w, https:\/\/vaphoto.it\/wp-content\/uploads\/2025\/03\/foto-famiglia-editata-copia-1-819x1024.avif 819w, https:\/\/vaphoto.it\/wp-content\/uploads\/2025\/03\/foto-famiglia-editata-copia-1-768x960.avif 768w, https:\/\/vaphoto.it\/wp-content\/uploads\/2025\/03\/foto-famiglia-editata-copia-1-1229x1536.avif 1229w\" sizes=\"(max-width: 1280px) 100vw, 1280px\" \/><\/a>\n\t\t\t<\/div>\n\t\t\t\t<figcaption class='wp-caption-text gallery-caption' id='gallery-1-265'>\n\t\t\t\tVenturAndreaPhoto\n\t\t\t\t<\/figcaption><\/figure><figure class='gallery-item'>\n\t\t\t<div class='gallery-icon portrait'>\n\t\t\t\t<a data-elementor-open-lightbox=\"yes\" data-elementor-lightbox-slideshow=\"4fa9d36c\" data-elementor-lightbox-title=\"PGH68462 copia\" data-e-action-hash=\"#elementor-action%3Aaction%3Dlightbox%26settings%3DeyJpZCI6MjY0LCJ1cmwiOiJodHRwczpcL1wvdmFwaG90by5pdFwvd3AtY29udGVudFwvdXBsb2Fkc1wvMjAyNVwvMDNcL1BHSDY4NDYyLWNvcGlhLmF2aWYiLCJzbGlkZXNob3ciOiI0ZmE5ZDM2YyJ9\" href='https:\/\/vaphoto.it\/wp-content\/uploads\/2025\/03\/PGH68462-copia.avif'><img loading=\"lazy\" decoding=\"async\" width=\"1280\" height=\"1600\" src=\"https:\/\/vaphoto.it\/wp-content\/uploads\/2025\/03\/PGH68462-copia.avif\" class=\"attachment-2048x2048 size-2048x2048\" alt=\"\" srcset=\"https:\/\/vaphoto.it\/wp-content\/uploads\/2025\/03\/PGH68462-copia.avif 1280w, https:\/\/vaphoto.it\/wp-content\/uploads\/2025\/03\/PGH68462-copia-240x300.avif 240w, https:\/\/vaphoto.it\/wp-content\/uploads\/2025\/03\/PGH68462-copia-819x1024.avif 819w, https:\/\/vaphoto.it\/wp-content\/uploads\/2025\/03\/PGH68462-copia-768x960.avif 768w, https:\/\/vaphoto.it\/wp-content\/uploads\/2025\/03\/PGH68462-copia-1229x1536.avif 1229w\" sizes=\"(max-width: 1280px) 100vw, 1280px\" \/><\/a>\n\t\t\t<\/div><\/figure>\n\t\t<\/div>\n\t\t<\/div>\n\t\t\t\t\t\t<\/div>\n\t\t\t\t<\/div>\n\t\t\t\t\t<\/div>\n\t\t<\/div>\n\t\t\t\t\t<\/div>\n\t\t<\/section>\n\t\t<div class=\"elementor-element elementor-element-1e8079c e-flex e-con-boxed e-con e-parent\" data-id=\"1e8079c\" data-element_type=\"container\" data-e-type=\"container\">\n\t\t\t\t\t<div class=\"e-con-inner\">\n\t\t\t\t<div class=\"elementor-element elementor-element-4e18c90 elementor-widget elementor-widget-heading\" data-id=\"4e18c90\" data-element_type=\"widget\" data-e-type=\"widget\" data-widget_type=\"heading.default\">\n\t\t\t\t<div class=\"elementor-widget-container\">\n\t\t\t\t\t<h4 class=\"elementor-heading-title elementor-size-default\">Ritratti fotografici che raccontano chi sei<\/h4>\t\t\t\t<\/div>\n\t\t\t\t<\/div>\n\t\t\t\t\t<\/div>\n\t\t\t\t<\/div>\n\t\t<div class=\"elementor-element elementor-element-bf4c410 e-flex e-con-boxed e-con e-parent\" data-id=\"bf4c410\" data-element_type=\"container\" data-e-type=\"container\">\n\t\t\t\t\t<div class=\"e-con-inner\">\n\t\t\t\t<div class=\"elementor-element elementor-element-88f0186 elementor-widget elementor-widget-text-editor\" data-id=\"88f0186\" data-element_type=\"widget\" data-e-type=\"widget\" data-widget_type=\"text-editor.default\">\n\t\t\t\t<div class=\"elementor-widget-container\">\n\t\t\t\t\t\t\t\t\t<p data-start=\"824\" data-end=\"1059\">Ogni persona ha una storia da raccontare e il ritratto \u00e8 il modo pi\u00f9 diretto per farla emergere.<br data-start=\"920\" data-end=\"923\" \/>Con i miei <strong data-start=\"934\" data-end=\"958\">ritratti fotografici<\/strong> catturo non solo l\u2019immagine, ma anche la personalit\u00e0, l\u2019espressione e l\u2019essenza di chi ho davanti.<\/p><hr data-start=\"1061\" data-end=\"1064\" \/><h3 data-start=\"1066\" data-end=\"1102\">Perch\u00e9 un ritratto professionale<\/h3><p data-start=\"1103\" data-end=\"1384\">Un buon ritratto \u00e8 molto pi\u00f9 di una semplice foto: \u00e8 uno strumento di comunicazione.<br data-start=\"1187\" data-end=\"1190\" \/>Che si tratti di un ricordo personale, di un\u2019immagine per il tuo profilo professionale o di un contenuto per la comunicazione aziendale, il ritratto trasmette fiducia, carattere e autenticit\u00e0.<\/p><hr data-start=\"1386\" data-end=\"1389\" \/><h3 data-start=\"1391\" data-end=\"1411\">Il mio approccio<\/h3><p data-start=\"1412\" data-end=\"1749\">Durante lo shooting creo un ambiente rilassato, in cui sentirsi a proprio agio \u00e8 la priorit\u00e0.<\/p><p data-start=\"1412\" data-end=\"1749\">Questo permette di ottenere immagini naturali, spontanee e al tempo stesso curate.<br data-start=\"1588\" data-end=\"1591\" \/>Ogni ritratto viene pensato su misura: dalla luce allo sfondo, fino alla post-produzione, tutto \u00e8 studiato per valorizzarti senza snaturare la tua identit\u00e0.<\/p><hr data-start=\"1751\" data-end=\"1754\" \/><h3 data-start=\"1756\" data-end=\"1776\">A chi \u00e8 dedicato<\/h3><ul data-start=\"1777\" data-end=\"2079\"><li data-start=\"1841\" data-end=\"1900\"><p data-start=\"1843\" data-end=\"1900\">Professionisti che cercano una foto profilo di impatto.<\/p><\/li><li data-start=\"1901\" data-end=\"1987\"><p data-start=\"1903\" data-end=\"1987\">Artisti, creativi e imprenditori che vogliono raccontarsi con immagini autentiche.<\/p><\/li><li data-start=\"1988\" data-end=\"2079\"><p data-start=\"1990\" data-end=\"2079\">Aziende che necessitano di ritratti per i propri team o per la comunicazione corporate.<\/p><\/li><\/ul><hr data-start=\"2081\" data-end=\"2084\" \/><p data-start=\"2086\" data-end=\"2213\">Se vuoi un ritratto che parli davvero di te, <a href=\"https:\/\/wa.me\/+393382428747\">contattami<\/a><\/p>\t\t\t\t\t\t\t\t<\/div>\n\t\t\t\t<\/div>\n\t\t\t\t\t<\/div>\n\t\t\t\t<\/div>\n\t\t<div class=\"elementor-element elementor-element-7e36c6e e-flex e-con-boxed e-con e-parent\" data-id=\"7e36c6e\" data-element_type=\"container\" data-e-type=\"container\">\n\t\t\t\t\t<div class=\"e-con-inner\">\n\t\t\t\t\t<\/div>\n\t\t\t\t<\/div>\n\t\t<div class=\"elementor-element elementor-element-e893732 e-flex e-con-boxed e-con e-parent\" data-id=\"e893732\" data-element_type=\"container\" data-e-type=\"container\">\n\t\t\t\t\t<div class=\"e-con-inner\">\n\t\t\t\t<div class=\"elementor-element elementor-element-7db1085 elementor-widget elementor-widget-html\" data-id=\"7db1085\" data-element_type=\"widget\" data-e-type=\"widget\" data-widget_type=\"html.default\">\n\t\t\t\t<div class=\"elementor-widget-container\">\n\t\t\t\t\t<ul class=\"wp-block-social-links is-layout-flex wp-block-social-links-is-layout-flex\"><li class=\"wp-social-link wp-social-link-gravatar  wp-block-social-link\"><a rel=\"me\" href=\"https:\/\/gravatar.com\/barbariantotallyc54f423450\" class=\"wp-block-social-link-anchor\"><svg width=\"24\" height=\"24\" viewBox=\"0 0 24 24\" version=\"1.1\" xmlns=\"http:\/\/www.w3.org\/2000\/svg\" aria-hidden=\"true\" focusable=\"false\"><path d=\"M10.8001 4.69937V10.6494C10.8001 11.1001 10.9791 11.5323 11.2978 11.851C11.6165 12.1697 12.0487 12.3487 12.4994 12.3487C12.9501 12.3487 13.3824 12.1697 13.7011 11.851C14.0198 11.5323 14.1988 11.1001 14.1988 10.6494V6.69089C15.2418 7.05861 16.1371 7.75537 16.7496 8.67617C17.3622 9.59698 17.6589 10.6919 17.595 11.796C17.5311 12.9001 17.1101 13.9535 16.3954 14.7975C15.6807 15.6415 14.711 16.2303 13.6325 16.4753C12.5541 16.7202 11.4252 16.608 10.4161 16.1555C9.40691 15.703 8.57217 14.9348 8.03763 13.9667C7.50308 12.9985 7.29769 11.8828 7.45242 10.7877C7.60714 9.69266 8.11359 8.67755 8.89545 7.89537C9.20904 7.57521 9.38364 7.14426 9.38132 6.69611C9.37899 6.24797 9.19994 5.81884 8.88305 5.50195C8.56616 5.18506 8.13704 5.00601 7.68889 5.00369C7.24075 5.00137 6.80979 5.17597 6.48964 5.48956C5.09907 6.8801 4.23369 8.7098 4.04094 10.6669C3.84819 12.624 4.34 14.5873 5.43257 16.2224C6.52515 17.8575 8.15088 19.0632 10.0328 19.634C11.9146 20.2049 13.9362 20.1055 15.753 19.3529C17.5699 18.6003 19.0695 17.241 19.9965 15.5066C20.9234 13.7722 21.2203 11.7701 20.8366 9.84133C20.4528 7.91259 19.4122 6.17658 17.892 4.92911C16.3717 3.68163 14.466 2.99987 12.4994 3C12.0487 3 11.6165 3.17904 11.2978 3.49773C10.9791 3.81643 10.8001 4.24867 10.8001 4.69937Z\" \/><\/svg><span class=\"wp-block-social-link-label screen-reader-text\">Gravatar<\/span><\/a><\/li><\/ul>\t\t\t\t<\/div>\n\t\t\t\t<\/div>\n\t\t\t\t\t<\/div>\n\t\t\t\t<\/div>\n\t\t\t\t<\/div>\n\t\t\n    <div class=\"xs_social_share_widget xs_share_url after_content \t\tmain_content  wslu-style-1 wslu-share-box-shaped wslu-fill-colored wslu-none wslu-share-horizontal wslu-theme-font-no wslu-main_content\">\n\n\t\t\n        <ul>\n\t\t\t        <\/ul>\n    <\/div> \n","protected":false},"excerpt":{"rendered":"<p>VenturAndreaPhoto Ritratti fotografici che raccontano chi sei Ogni persona ha una storia da raccontare e il ritratto \u00e8 il modo pi\u00f9 diretto per farla emergere.Con i miei ritratti fotografici catturo non solo l\u2019immagine, ma anche la personalit\u00e0, l\u2019espressione e l\u2019essenza di chi ho davanti. Perch\u00e9 un ritratto professionale Un buon ritratto \u00e8 molto pi\u00f9 di [&hellip;]<\/p>\n","protected":false},"author":1,"featured_media":262,"parent":0,"menu_order":0,"comment_status":"closed","ping_status":"closed","template":"","meta":{"postBodyCss":"","postBodyMargin":[],"postBodyPadding":[],"postBodyBackground":{"backgroundType":"classic","gradient":""},"footnotes":""},"class_list":["post-258","page","type-page","status-publish","has-post-thumbnail","hentry"],"yoast_head":"<!-- This site is optimized with the Yoast SEO plugin v27.5 - https:\/\/yoast.com\/product\/yoast-seo-wordpress\/ -->\n<title>Servizi di Ritratti Fotografici | VA Photo<\/title>\n<meta name=\"description\" content=\"Ritratti fotografici professionali a Catania e Sicilia: immagini naturali e autentiche per privati, professionisti e brand.\" \/>\n<meta name=\"robots\" content=\"index, follow, max-snippet:-1, max-image-preview:large, max-video-preview:-1\" \/>\n<link rel=\"canonical\" href=\"https:\/\/vaphoto.it\/home\/ritratti-fotografici\/\" \/>\n<meta property=\"og:locale\" content=\"it_IT\" \/>\n<meta property=\"og:type\" content=\"article\" \/>\n<meta property=\"og:title\" content=\"Servizi di Ritratti Fotografici | VA Photo\" \/>\n<meta property=\"og:description\" content=\"Ritratti fotografici professionali a Catania e Sicilia: immagini naturali e autentiche per privati, professionisti e brand.\" \/>\n<meta property=\"og:url\" content=\"https:\/\/vaphoto.it\/home\/ritratti-fotografici\/\" \/>\n<meta property=\"og:site_name\" content=\"Andrea Ventura - fotografo food catania\" \/>\n<meta property=\"article:modified_time\" content=\"2025-11-02T16:29:00+00:00\" \/>\n<meta property=\"og:image\" content=\"https:\/\/vaphoto.it\/wp-content\/uploads\/2025\/03\/emiliano_web-copia.avif\" \/>\n\t<meta property=\"og:image:width\" content=\"1280\" \/>\n\t<meta property=\"og:image:height\" content=\"1600\" \/>\n\t<meta property=\"og:image:type\" content=\"image\/jpeg\" \/>\n<meta name=\"twitter:card\" content=\"summary_large_image\" \/>\n<meta name=\"twitter:label1\" content=\"Tempo di lettura stimato\" \/>\n\t<meta name=\"twitter:data1\" content=\"3 minuti\" \/>\n<script type=\"application\/ld+json\" class=\"yoast-schema-graph\">{\"@context\":\"https:\\\/\\\/schema.org\",\"@graph\":[{\"@type\":\"WebPage\",\"@id\":\"https:\\\/\\\/vaphoto.it\\\/home\\\/ritratti-fotografici\\\/\",\"url\":\"https:\\\/\\\/vaphoto.it\\\/home\\\/ritratti-fotografici\\\/\",\"name\":\"Servizi di Ritratti Fotografici | VA Photo\",\"isPartOf\":{\"@id\":\"https:\\\/\\\/vaphoto.it\\\/home\\\/#website\"},\"primaryImageOfPage\":{\"@id\":\"https:\\\/\\\/vaphoto.it\\\/home\\\/ritratti-fotografici\\\/#primaryimage\"},\"image\":{\"@id\":\"https:\\\/\\\/vaphoto.it\\\/home\\\/ritratti-fotografici\\\/#primaryimage\"},\"thumbnailUrl\":\"https:\\\/\\\/vaphoto.it\\\/wp-content\\\/uploads\\\/2025\\\/03\\\/emiliano_web-copia.avif\",\"datePublished\":\"2025-03-23T19:10:33+00:00\",\"dateModified\":\"2025-11-02T16:29:00+00:00\",\"description\":\"Ritratti fotografici professionali a Catania e Sicilia: immagini naturali e autentiche per privati, professionisti e brand.\",\"breadcrumb\":{\"@id\":\"https:\\\/\\\/vaphoto.it\\\/home\\\/ritratti-fotografici\\\/#breadcrumb\"},\"inLanguage\":\"it-IT\",\"potentialAction\":[{\"@type\":\"ReadAction\",\"target\":[\"https:\\\/\\\/vaphoto.it\\\/home\\\/ritratti-fotografici\\\/\"]}]},{\"@type\":\"ImageObject\",\"inLanguage\":\"it-IT\",\"@id\":\"https:\\\/\\\/vaphoto.it\\\/home\\\/ritratti-fotografici\\\/#primaryimage\",\"url\":\"https:\\\/\\\/vaphoto.it\\\/wp-content\\\/uploads\\\/2025\\\/03\\\/emiliano_web-copia.avif\",\"contentUrl\":\"https:\\\/\\\/vaphoto.it\\\/wp-content\\\/uploads\\\/2025\\\/03\\\/emiliano_web-copia.avif\",\"width\":1280,\"height\":1600},{\"@type\":\"BreadcrumbList\",\"@id\":\"https:\\\/\\\/vaphoto.it\\\/home\\\/ritratti-fotografici\\\/#breadcrumb\",\"itemListElement\":[{\"@type\":\"ListItem\",\"position\":1,\"name\":\"Home\",\"item\":\"https:\\\/\\\/vaphoto.it\\\/home\\\/\"},{\"@type\":\"ListItem\",\"position\":2,\"name\":\"Portraits\"}]},{\"@type\":\"WebSite\",\"@id\":\"https:\\\/\\\/vaphoto.it\\\/home\\\/#website\",\"url\":\"https:\\\/\\\/vaphoto.it\\\/home\\\/\",\"name\":\"Andrea Ventura\",\"description\":\"food photographer catania\",\"publisher\":{\"@id\":\"https:\\\/\\\/vaphoto.it\\\/home\\\/#\\\/schema\\\/person\\\/bde1edf46638ab6cbbfe46fe7ea1d0f7\"},\"potentialAction\":[{\"@type\":\"SearchAction\",\"target\":{\"@type\":\"EntryPoint\",\"urlTemplate\":\"https:\\\/\\\/vaphoto.it\\\/home\\\/?s={search_term_string}\"},\"query-input\":{\"@type\":\"PropertyValueSpecification\",\"valueRequired\":true,\"valueName\":\"search_term_string\"}}],\"inLanguage\":\"it-IT\"},{\"@type\":[\"Person\",\"Organization\"],\"@id\":\"https:\\\/\\\/vaphoto.it\\\/home\\\/#\\\/schema\\\/person\\\/bde1edf46638ab6cbbfe46fe7ea1d0f7\",\"name\":\"vaphoto\",\"image\":{\"@type\":\"ImageObject\",\"inLanguage\":\"it-IT\",\"@id\":\"https:\\\/\\\/vaphoto.it\\\/wp-content\\\/uploads\\\/2025\\\/02\\\/Andrea-ventura-creative-producer-copia.png\",\"url\":\"https:\\\/\\\/vaphoto.it\\\/wp-content\\\/uploads\\\/2025\\\/02\\\/Andrea-ventura-creative-producer-copia.png\",\"contentUrl\":\"https:\\\/\\\/vaphoto.it\\\/wp-content\\\/uploads\\\/2025\\\/02\\\/Andrea-ventura-creative-producer-copia.png\",\"width\":1200,\"height\":198,\"caption\":\"vaphoto\"},\"logo\":{\"@id\":\"https:\\\/\\\/vaphoto.it\\\/wp-content\\\/uploads\\\/2025\\\/02\\\/Andrea-ventura-creative-producer-copia.png\"},\"sameAs\":[\"https:\\\/\\\/vaphoto.it\"]}]}<\/script>\n<!-- \/ Yoast SEO plugin. -->","yoast_head_json":{"title":"Servizi di Ritratti Fotografici | VA Photo","description":"Ritratti fotografici professionali a Catania e Sicilia: immagini naturali e autentiche per privati, professionisti e brand.","robots":{"index":"index","follow":"follow","max-snippet":"max-snippet:-1","max-image-preview":"max-image-preview:large","max-video-preview":"max-video-preview:-1"},"canonical":"https:\/\/vaphoto.it\/home\/ritratti-fotografici\/","og_locale":"it_IT","og_type":"article","og_title":"Servizi di Ritratti Fotografici | VA Photo","og_description":"Ritratti fotografici professionali a Catania e Sicilia: immagini naturali e autentiche per privati, professionisti e brand.","og_url":"https:\/\/vaphoto.it\/home\/ritratti-fotografici\/","og_site_name":"Andrea Ventura - fotografo food catania","article_modified_time":"2025-11-02T16:29:00+00:00","og_image":[{"width":1280,"height":1600,"url":"https:\/\/vaphoto.it\/wp-content\/uploads\/2025\/03\/emiliano_web-copia.avif","type":"image\/jpeg"}],"twitter_card":"summary_large_image","twitter_misc":{"Tempo di lettura stimato":"3 minuti"},"schema":{"@context":"https:\/\/schema.org","@graph":[{"@type":"WebPage","@id":"https:\/\/vaphoto.it\/home\/ritratti-fotografici\/","url":"https:\/\/vaphoto.it\/home\/ritratti-fotografici\/","name":"Servizi di Ritratti Fotografici | VA Photo","isPartOf":{"@id":"https:\/\/vaphoto.it\/home\/#website"},"primaryImageOfPage":{"@id":"https:\/\/vaphoto.it\/home\/ritratti-fotografici\/#primaryimage"},"image":{"@id":"https:\/\/vaphoto.it\/home\/ritratti-fotografici\/#primaryimage"},"thumbnailUrl":"https:\/\/vaphoto.it\/wp-content\/uploads\/2025\/03\/emiliano_web-copia.avif","datePublished":"2025-03-23T19:10:33+00:00","dateModified":"2025-11-02T16:29:00+00:00","description":"Ritratti fotografici professionali a Catania e Sicilia: immagini naturali e autentiche per privati, professionisti e brand.","breadcrumb":{"@id":"https:\/\/vaphoto.it\/home\/ritratti-fotografici\/#breadcrumb"},"inLanguage":"it-IT","potentialAction":[{"@type":"ReadAction","target":["https:\/\/vaphoto.it\/home\/ritratti-fotografici\/"]}]},{"@type":"ImageObject","inLanguage":"it-IT","@id":"https:\/\/vaphoto.it\/home\/ritratti-fotografici\/#primaryimage","url":"https:\/\/vaphoto.it\/wp-content\/uploads\/2025\/03\/emiliano_web-copia.avif","contentUrl":"https:\/\/vaphoto.it\/wp-content\/uploads\/2025\/03\/emiliano_web-copia.avif","width":1280,"height":1600},{"@type":"BreadcrumbList","@id":"https:\/\/vaphoto.it\/home\/ritratti-fotografici\/#breadcrumb","itemListElement":[{"@type":"ListItem","position":1,"name":"Home","item":"https:\/\/vaphoto.it\/home\/"},{"@type":"ListItem","position":2,"name":"Portraits"}]},{"@type":"WebSite","@id":"https:\/\/vaphoto.it\/home\/#website","url":"https:\/\/vaphoto.it\/home\/","name":"Andrea Ventura","description":"food photographer catania","publisher":{"@id":"https:\/\/vaphoto.it\/home\/#\/schema\/person\/bde1edf46638ab6cbbfe46fe7ea1d0f7"},"potentialAction":[{"@type":"SearchAction","target":{"@type":"EntryPoint","urlTemplate":"https:\/\/vaphoto.it\/home\/?s={search_term_string}"},"query-input":{"@type":"PropertyValueSpecification","valueRequired":true,"valueName":"search_term_string"}}],"inLanguage":"it-IT"},{"@type":["Person","Organization"],"@id":"https:\/\/vaphoto.it\/home\/#\/schema\/person\/bde1edf46638ab6cbbfe46fe7ea1d0f7","name":"vaphoto","image":{"@type":"ImageObject","inLanguage":"it-IT","@id":"https:\/\/vaphoto.it\/wp-content\/uploads\/2025\/02\/Andrea-ventura-creative-producer-copia.png","url":"https:\/\/vaphoto.it\/wp-content\/uploads\/2025\/02\/Andrea-ventura-creative-producer-copia.png","contentUrl":"https:\/\/vaphoto.it\/wp-content\/uploads\/2025\/02\/Andrea-ventura-creative-producer-copia.png","width":1200,"height":198,"caption":"vaphoto"},"logo":{"@id":"https:\/\/vaphoto.it\/wp-content\/uploads\/2025\/02\/Andrea-ventura-creative-producer-copia.png"},"sameAs":["https:\/\/vaphoto.it"]}]}},"_links":{"self":[{"href":"https:\/\/vaphoto.it\/home\/wp-json\/wp\/v2\/pages\/258","targetHints":{"allow":["GET"]}}],"collection":[{"href":"https:\/\/vaphoto.it\/home\/wp-json\/wp\/v2\/pages"}],"about":[{"href":"https:\/\/vaphoto.it\/home\/wp-json\/wp\/v2\/types\/page"}],"author":[{"embeddable":true,"href":"https:\/\/vaphoto.it\/home\/wp-json\/wp\/v2\/users\/1"}],"replies":[{"embeddable":true,"href":"https:\/\/vaphoto.it\/home\/wp-json\/wp\/v2\/comments?post=258"}],"version-history":[{"count":17,"href":"https:\/\/vaphoto.it\/home\/wp-json\/wp\/v2\/pages\/258\/revisions"}],"predecessor-version":[{"id":474,"href":"https:\/\/vaphoto.it\/home\/wp-json\/wp\/v2\/pages\/258\/revisions\/474"}],"wp:featuredmedia":[{"embeddable":true,"href":"https:\/\/vaphoto.it\/home\/wp-json\/wp\/v2\/media\/262"}],"wp:attachment":[{"href":"https:\/\/vaphoto.it\/home\/wp-json\/wp\/v2\/media?parent=258"}],"curies":[{"name":"wp","href":"https:\/\/api.w.org\/{rel}","templated":true}]}}